{"id":120,"date":"2015-05-04T07:30:41","date_gmt":"2015-05-04T11:30:41","guid":{"rendered":"http:\/\/xml-io.proteusthemes.com\/cargopress\/?page_id=120"},"modified":"2025-01-10T11:24:14","modified_gmt":"2025-01-10T16:24:14","slug":"contact-us","status":"publish","type":"page","link":"https:\/\/serviceau.com\/index.php\/contact-us\/","title":{"rendered":"Contactez-nous"},"content":{"rendered":"<div id=\"pl-120\"  class=\"panel-layout\" ><div id=\"pg-120-0\"  class=\"panel-grid panel-no-style\" ><div id=\"pgc-120-0-0\"  class=\"panel-grid-cell panel-grid-cell-empty\" ><\/div><div id=\"pgc-120-0-1\"  class=\"panel-grid-cell panel-grid-cell-mobile-last\" ><div id=\"panel-120-0-1-0\" class=\"so-panel widget widget_text panel-first-child panel-last-child\" data-index=\"0\" >\t\t\t<div class=\"textwidget\"><p>Bienvenue sur Serviceau.com,<\/p>\n<p>Nous offrons un service 24\/7 (appel ou sur place) pour les situations d&rsquo;urgences <u>seulement<\/u>.<\/p>\n<p>Nos heures d&rsquo;ouvertures sont de 8h \u00e0 17h du lundi au vendredi (\u00e0 l&rsquo;exception des jours f\u00e9ri\u00e9s).<\/p>\n<p>Les appels r\u00e9pondus hors de ces heures ouvrables <u>seront factur\u00e9s<\/u> \u00e0 notre taux horaire de fin de semaine.<\/p>\n<p>Merci de votre compr\u00e9hension.<\/p>\n<\/div>\n\t\t<\/div><\/div><div id=\"pgc-120-0-2\"  class=\"panel-grid-cell panel-grid-cell-empty\" ><\/div><\/div><div id=\"pg-120-1\"  class=\"panel-grid panel-has-style\" ><div class=\"siteorigin-panels-stretch panel-row-style panel-row-style-for-120-1\" data-stretch-type=\"full-width-stretch\" ><div id=\"pgc-120-1-0\"  class=\"panel-grid-cell\" ><div id=\"panel-120-1-0-0\" class=\"widget_text so-panel widget widget_custom_html panel-first-child panel-last-child\" data-index=\"1\" ><div class=\"textwidget custom-html-widget\"><iframe src=\"\nhttps:\/\/www.google.com\/maps\/embed?pb=!1m18!1m12!1m3!1d2793.5715674166654!2d-73.86009718444458!3d45.55894347910217!2m3!1f0!2f0!3f0!3m2!1i1024!2i768!4f13.1!3m3!1m2!1s0x4cc925a76d7b41ab%3A0x116c3be18e4b1652!2sServiceau%20inc.!5e0!3m2!1sfr!2sca!4v1572547367745!5m2!1sfr!2sca\"\nwidth=\"1350\" height=\"450\" frameborder=\"0\" style=\"border:0;\"\nallowfullscreen=\"\"><\/iframe><\/div><\/div><\/div><\/div><\/div><div id=\"pg-120-2\"  class=\"panel-grid panel-no-style\" ><div id=\"pgc-120-2-0\"  class=\"panel-grid-cell\" ><div id=\"panel-120-2-0-0\" class=\"so-panel widget widget_sow-image panel-first-child\" data-index=\"2\" ><div\n\t\t\t\n\t\t\tclass=\"so-widget-sow-image so-widget-sow-image-default-dbf295114b96-120\"\n\t\t\t\n\t\t>\n<div class=\"sow-image-container\">\n\t\t<img \n\tsrc=\"https:\/\/serviceau.com\/wp-content\/uploads\/2025\/01\/Nicolas-Mc-Fadden-e1736452446776.jpg\" width=\"1200\" height=\"1300\" srcset=\"https:\/\/serviceau.com\/wp-content\/uploads\/2025\/01\/Nicolas-Mc-Fadden-e1736452446776.jpg 1200w, https:\/\/serviceau.com\/wp-content\/uploads\/2025\/01\/Nicolas-Mc-Fadden-e1736452446776-277x300.jpg 277w, https:\/\/serviceau.com\/wp-content\/uploads\/2025\/01\/Nicolas-Mc-Fadden-e1736452446776-945x1024.jpg 945w, https:\/\/serviceau.com\/wp-content\/uploads\/2025\/01\/Nicolas-Mc-Fadden-e1736452446776-768x832.jpg 768w, https:\/\/serviceau.com\/wp-content\/uploads\/2025\/01\/Nicolas-Mc-Fadden-e1736452446776-320x347.jpg 320w, https:\/\/serviceau.com\/wp-content\/uploads\/2025\/01\/Nicolas-Mc-Fadden-e1736452446776-480x520.jpg 480w, https:\/\/serviceau.com\/wp-content\/uploads\/2025\/01\/Nicolas-Mc-Fadden-e1736452446776-800x867.jpg 800w\" sizes=\"(max-width: 1200px) 100vw, 1200px\" title=\"Nicolas Mc Fadden\" alt=\"\" \t\tclass=\"so-widget-image\"\/>\n\t<\/div>\n\n<\/div><\/div><div id=\"panel-120-2-0-1\" class=\"so-panel widget widget_text panel-last-child\" data-index=\"3\" ><h3 class=\"widget-title\"><span class=\"widget-title__inline\">Nicolas Mc Fadden<\/span><\/h3>\t\t\t<div class=\"textwidget\"><i>Pr\u00e9sident et directeur du secteur r\u00e9sidentiel<\/i><br>\n<a href=\"tel:5149950382\" style=\"color:#4191BA!important\">514-995-0382<\/a><br>\n<a href=\"mailto:nicolas.m@serviceau.com\" style=\"color:#4191BA!important\">nicolas.m@serviceau.com<\/a><\/div>\n\t\t<\/div><\/div><div id=\"pgc-120-2-1\"  class=\"panel-grid-cell\" ><div id=\"panel-120-2-1-0\" class=\"so-panel widget widget_sow-image panel-first-child\" data-index=\"4\" ><div\n\t\t\t\n\t\t\tclass=\"so-widget-sow-image so-widget-sow-image-default-dbf295114b96-120\"\n\t\t\t\n\t\t>\n<div class=\"sow-image-container\">\n\t\t<img \n\tsrc=\"https:\/\/serviceau.com\/wp-content\/uploads\/2025\/01\/3-e1736525932930.jpg\" width=\"1200\" height=\"1298\" srcset=\"https:\/\/serviceau.com\/wp-content\/uploads\/2025\/01\/3-e1736525932930.jpg 1200w, https:\/\/serviceau.com\/wp-content\/uploads\/2025\/01\/3-e1736525932930-277x300.jpg 277w, https:\/\/serviceau.com\/wp-content\/uploads\/2025\/01\/3-e1736525932930-947x1024.jpg 947w, https:\/\/serviceau.com\/wp-content\/uploads\/2025\/01\/3-e1736525932930-768x831.jpg 768w, https:\/\/serviceau.com\/wp-content\/uploads\/2025\/01\/3-e1736525932930-320x346.jpg 320w, https:\/\/serviceau.com\/wp-content\/uploads\/2025\/01\/3-e1736525932930-480x519.jpg 480w, https:\/\/serviceau.com\/wp-content\/uploads\/2025\/01\/3-e1736525932930-800x865.jpg 800w\" sizes=\"(max-width: 1200px) 100vw, 1200px\" title=\"Antonio Castillo\" alt=\"\" \t\tclass=\"so-widget-image\"\/>\n\t<\/div>\n\n<\/div><\/div><div id=\"panel-120-2-1-1\" class=\"so-panel widget widget_text panel-last-child\" data-index=\"5\" ><h3 class=\"widget-title\"><span class=\"widget-title__inline\">Antonio Castillo<\/span><\/h3>\t\t\t<div class=\"textwidget\"><i>Expert en purification r\u00e9sidentiel<\/i><br>\n<a href=\"tel:5148652322\" style=\"color:#4191BA!important\">514-865-2322<\/a><br>\n<a href=\"mailto:antonio.c@serviceau.com\" style=\"color:#4191BA!important\">antonio.c@serviceau.com<\/a>\n\n <\/div>\n\t\t<\/div><\/div><div id=\"pgc-120-2-2\"  class=\"panel-grid-cell\" ><div id=\"panel-120-2-2-0\" class=\"so-panel widget widget_sow-image panel-first-child\" data-index=\"6\" ><div\n\t\t\t\n\t\t\tclass=\"so-widget-sow-image so-widget-sow-image-default-dbf295114b96-120\"\n\t\t\t\n\t\t>\n<div class=\"sow-image-container\">\n\t\t<img \n\tsrc=\"https:\/\/serviceau.com\/wp-content\/uploads\/2025\/01\/Patrice-Mc-Fadden-e1736526218829.jpg\" width=\"1200\" height=\"1300\" srcset=\"https:\/\/serviceau.com\/wp-content\/uploads\/2025\/01\/Patrice-Mc-Fadden-e1736526218829.jpg 1200w, https:\/\/serviceau.com\/wp-content\/uploads\/2025\/01\/Patrice-Mc-Fadden-e1736526218829-277x300.jpg 277w, https:\/\/serviceau.com\/wp-content\/uploads\/2025\/01\/Patrice-Mc-Fadden-e1736526218829-945x1024.jpg 945w, https:\/\/serviceau.com\/wp-content\/uploads\/2025\/01\/Patrice-Mc-Fadden-e1736526218829-768x832.jpg 768w, https:\/\/serviceau.com\/wp-content\/uploads\/2025\/01\/Patrice-Mc-Fadden-e1736526218829-320x347.jpg 320w, https:\/\/serviceau.com\/wp-content\/uploads\/2025\/01\/Patrice-Mc-Fadden-e1736526218829-480x520.jpg 480w, https:\/\/serviceau.com\/wp-content\/uploads\/2025\/01\/Patrice-Mc-Fadden-e1736526218829-800x867.jpg 800w\" sizes=\"(max-width: 1200px) 100vw, 1200px\" title=\"Patrice Mc Fadden\" alt=\"\" \t\tclass=\"so-widget-image\"\/>\n\t<\/div>\n\n<\/div><\/div><div id=\"panel-120-2-2-1\" class=\"so-panel widget widget_text panel-last-child\" data-index=\"7\" ><div class=\"a panel-widget-style panel-widget-style-for-120-2-2-1\" ><h3 class=\"widget-title\"><span class=\"widget-title__inline\">Patrice Mc Fadden<\/span><\/h3>\t\t\t<div class=\"textwidget\"><i>Directeur du secteur commercial<\/i><br>\n<a href=\"tel:5149474521\" style=\"color:#4191BA!important\">514-947-4521<\/a><br>\n<a href=\"mailto:patrice.m@serviceau.com\" style=\"color:#4191BA!important\">patrice.m@serviceau.com<\/a>\n<\/div>\n\t\t<\/div><\/div><\/div><\/div><div id=\"pg-120-3\"  class=\"panel-grid panel-no-style\" ><div id=\"pgc-120-3-0\"  class=\"panel-grid-cell panel-grid-cell-empty\" ><\/div><div id=\"pgc-120-3-1\"  class=\"panel-grid-cell\" ><div id=\"panel-120-3-1-0\" class=\"so-panel widget widget_sow-image panel-first-child\" data-index=\"8\" ><div\n\t\t\t\n\t\t\tclass=\"so-widget-sow-image so-widget-sow-image-default-dbf295114b96-120\"\n\t\t\t\n\t\t>\n<div class=\"sow-image-container\">\n\t\t<img \n\tsrc=\"https:\/\/serviceau.com\/wp-content\/uploads\/2025\/01\/Gabriel-Mc-Fadden.jpg\" width=\"1160\" height=\"1296\" srcset=\"https:\/\/serviceau.com\/wp-content\/uploads\/2025\/01\/Gabriel-Mc-Fadden.jpg 1160w, https:\/\/serviceau.com\/wp-content\/uploads\/2025\/01\/Gabriel-Mc-Fadden-269x300.jpg 269w, https:\/\/serviceau.com\/wp-content\/uploads\/2025\/01\/Gabriel-Mc-Fadden-917x1024.jpg 917w, https:\/\/serviceau.com\/wp-content\/uploads\/2025\/01\/Gabriel-Mc-Fadden-768x858.jpg 768w, https:\/\/serviceau.com\/wp-content\/uploads\/2025\/01\/Gabriel-Mc-Fadden-320x358.jpg 320w, https:\/\/serviceau.com\/wp-content\/uploads\/2025\/01\/Gabriel-Mc-Fadden-480x536.jpg 480w, https:\/\/serviceau.com\/wp-content\/uploads\/2025\/01\/Gabriel-Mc-Fadden-800x894.jpg 800w\" sizes=\"(max-width: 1160px) 100vw, 1160px\" title=\"Gabriel Mc Fadden\" alt=\"\" \t\tclass=\"so-widget-image\"\/>\n\t<\/div>\n\n<\/div><\/div><div id=\"panel-120-3-1-1\" class=\"so-panel widget widget_text panel-last-child\" data-index=\"9\" ><h3 class=\"widget-title\"><span class=\"widget-title__inline\">Gabriel Mc Fadden<\/span><\/h3>\t\t\t<div class=\"textwidget\"><i>Administrateur<\/i><br>\n<a href=\"tel:5142226219\" style=\"color:#4191BA!important\">514-222-6219<\/a><br>\n<a href=\"mailto:gabriel.m@serviceau.com\" style=\"color:#4191BA!important\">gabriel.m@serviceau.com<\/a>\n\n <\/div>\n\t\t<\/div><\/div><div id=\"pgc-120-3-2\"  class=\"panel-grid-cell panel-grid-cell-mobile-last\" ><div id=\"panel-120-3-2-0\" class=\"so-panel widget widget_sow-image panel-first-child\" data-index=\"10\" ><div\n\t\t\t\n\t\t\tclass=\"so-widget-sow-image so-widget-sow-image-default-dbf295114b96-120\"\n\t\t\t\n\t\t>\n<div class=\"sow-image-container\">\n\t\t<img \n\tsrc=\"https:\/\/serviceau.com\/wp-content\/uploads\/2025\/01\/Dean-Pinheiro-e1736526088720.jpg\" width=\"1200\" height=\"1340\" srcset=\"https:\/\/serviceau.com\/wp-content\/uploads\/2025\/01\/Dean-Pinheiro-e1736526088720.jpg 1200w, https:\/\/serviceau.com\/wp-content\/uploads\/2025\/01\/Dean-Pinheiro-e1736526088720-269x300.jpg 269w, https:\/\/serviceau.com\/wp-content\/uploads\/2025\/01\/Dean-Pinheiro-e1736526088720-917x1024.jpg 917w, https:\/\/serviceau.com\/wp-content\/uploads\/2025\/01\/Dean-Pinheiro-e1736526088720-768x858.jpg 768w, https:\/\/serviceau.com\/wp-content\/uploads\/2025\/01\/Dean-Pinheiro-e1736526088720-320x357.jpg 320w, https:\/\/serviceau.com\/wp-content\/uploads\/2025\/01\/Dean-Pinheiro-e1736526088720-480x536.jpg 480w, https:\/\/serviceau.com\/wp-content\/uploads\/2025\/01\/Dean-Pinheiro-e1736526088720-800x893.jpg 800w\" sizes=\"(max-width: 1200px) 100vw, 1200px\" title=\"Dean Pinheiro\" alt=\"\" \t\tclass=\"so-widget-image\"\/>\n\t<\/div>\n\n<\/div><\/div><div id=\"panel-120-3-2-1\" class=\"so-panel widget widget_text panel-last-child\" data-index=\"11\" ><div class=\"a panel-widget-style panel-widget-style-for-120-3-2-1\" ><h3 class=\"widget-title\"><span class=\"widget-title__inline\">Dean Pinheiro<\/span><\/h3>\t\t\t<div class=\"textwidget\"><i>Expert en purification commercial<\/i><br>\n<a href=\"tel:5143714908\" style=\"color:#4191BA!important\">514-371-4908<\/a><br>\n<a href=\"mailto:dean.p@serviceau.com\" style=\"color:#4191BA!important\">dean.p@serviceau.com<\/a>\n<\/div>\n\t\t<\/div><\/div><\/div><div id=\"pgc-120-3-3\"  class=\"panel-grid-cell panel-grid-cell-empty\" ><\/div><\/div><div id=\"pg-120-4\"  class=\"panel-grid panel-no-style\" ><div id=\"pgc-120-4-0\"  class=\"panel-grid-cell\" ><div id=\"panel-120-4-0-0\" class=\"so-panel widget widget_black-studio-tinymce widget_black_studio_tinymce panel-first-child\" data-index=\"12\" ><div class=\"featured-widget panel-widget-style panel-widget-style-for-120-4-0-0\" ><h3 class=\"widget-title\"><span class=\"widget-title__inline\">SERVICEAU<\/span><\/h3><div class=\"textwidget\"><p>925, 12i\u00e8me Avenue<br \/>\nLaval (Qu\u00e9bec)<br \/>\nH7R 4N3, Canada<\/p>\n<\/div><\/div><\/div><div id=\"panel-120-4-0-1\" class=\"so-panel widget widget_pw_opening_time opening-time panel-last-child\" data-index=\"13\" ><div class=\"featured-widget panel-widget-style panel-widget-style-for-120-4-0-1\" >\n\n\t<div class=\"time-table\">\n\n\t\t\t<h3><span class=\"icon icons-ornament-left\"><\/span>HEURES D&rsquo;OUVERTURE<span class=\"icon icons-ornament-right\"><\/span><\/h3>\n\n\t\t<div class=\"inner-bg\">\n\t\t\t\t<dl class=\"week-day \">\n\t\t\t\t\t<dt>Monday<\/dt>\n\t\t\t\t\t<dd>8:00 - 17:00<\/dd>\n\t\t\t\t<\/dl>\n\t\t\t\t<dl class=\"week-day  light-bg\">\n\t\t\t\t\t<dt>Tuesday<\/dt>\n\t\t\t\t\t<dd>8:00 - 17:00<\/dd>\n\t\t\t\t<\/dl>\n\t\t\t\t<dl class=\"week-day \">\n\t\t\t\t\t<dt>Wednesday<\/dt>\n\t\t\t\t\t<dd>8:00 - 17:00<\/dd>\n\t\t\t\t<\/dl>\n\t\t\t\t<dl class=\"week-day  light-bg\">\n\t\t\t\t\t<dt>Thursday<\/dt>\n\t\t\t\t\t<dd>8:00 - 17:00<\/dd>\n\t\t\t\t<\/dl>\n\t\t\t\t<dl class=\"week-day  today\">\n\t\t\t\t\t<dt>Friday<\/dt>\n\t\t\t\t\t<dd>8:00 - 17:00<\/dd>\n\t\t\t\t<\/dl>\n\t\t\t\t<dl class=\"week-day  light-bg closed\">\n\t\t\t\t\t<dt>Saturday<\/dt>\n\t\t\t\t\t<dd>FERM\u00c9<\/dd>\n\t\t\t\t<\/dl>\n\t\t\t\t<dl class=\"week-day  closed\">\n\t\t\t\t\t<dt>Sunday<\/dt>\n\t\t\t\t\t<dd>FERM\u00c9<\/dd>\n\t\t\t\t<\/dl>\n\t\t<\/div>\n\n\n\t<\/div>\n\n<\/div><\/div><\/div><div id=\"pgc-120-4-1\"  class=\"panel-grid-cell\" ><div id=\"panel-120-4-1-0\" class=\"so-panel widget widget_black-studio-tinymce widget_black_studio_tinymce panel-first-child panel-last-child\" data-index=\"14\" ><h3 class=\"widget-title\"><span class=\"widget-title__inline\">CONTACTEZ-NOUS PAR COURRIEL<\/span><\/h3><div class=\"textwidget\"><div class=\"wpcf7 no-js\" id=\"wpcf7-f1000-o1\" lang=\"en-US\" dir=\"ltr\">\n<div class=\"screen-reader-response\"><p role=\"status\" aria-live=\"polite\" aria-atomic=\"true\"><\/p> <ul><\/ul><\/div>\n<form action=\"\/index.php\/wp-json\/wp\/v2\/pages\/120#wpcf7-f1000-o1\" method=\"post\" class=\"wpcf7-form init\" aria-label=\"Contact form\" novalidate=\"novalidate\" data-status=\"init\">\n<div style=\"display: none;\">\n<input type=\"hidden\" name=\"_wpcf7\" value=\"1000\" \/>\n<input type=\"hidden\" name=\"_wpcf7_version\" value=\"5.7.7\" \/>\n<input type=\"hidden\" name=\"_wpcf7_locale\" value=\"en_US\" \/>\n<input type=\"hidden\" name=\"_wpcf7_unit_tag\" value=\"wpcf7-f1000-o1\" \/>\n<input type=\"hidden\" name=\"_wpcf7_container_post\" value=\"0\" \/>\n<input type=\"hidden\" name=\"_wpcf7_posted_data_hash\" value=\"\" \/>\n<input type=\"hidden\" name=\"_wpcf7_recaptcha_response\" value=\"\" \/>\n<\/div>\n<div class=\"row\">\n\t<div class=\"col-xs-12  col-md-4\">\n\t\t<p><span class=\"wpcf7-form-control-wrap\" data-name=\"your-name\"><input size=\"40\" class=\"wpcf7-form-control wpcf7-text wpcf7-validates-as-required\" aria-required=\"true\" aria-invalid=\"false\" placeholder=\"Pr\u00e9nom\" value=\"\" type=\"text\" name=\"your-name\" \/><\/span>\n\t\t<\/p>\n\t<\/div>\n\t<div class=\"col-xs-12  col-md-4\">\n\t\t<p><span class=\"wpcf7-form-control-wrap\" data-name=\"last-name\"><input size=\"40\" class=\"wpcf7-form-control wpcf7-text wpcf7-validates-as-required\" aria-required=\"true\" aria-invalid=\"false\" placeholder=\"Nom\" value=\"\" type=\"text\" name=\"last-name\" \/><\/span>\n\t\t<\/p>\n\t<\/div>\n<\/div>\n<div class=\"row\">\n\t<div class=\"col-xs-12  col-md-4\">\n\t\t<p><span class=\"wpcf7-form-control-wrap\" data-name=\"your-email\"><input size=\"40\" class=\"wpcf7-form-control wpcf7-text wpcf7-email wpcf7-validates-as-required wpcf7-validates-as-email\" aria-required=\"true\" aria-invalid=\"false\" placeholder=\"Adresse Courriel\" value=\"\" type=\"email\" name=\"your-email\" \/><\/span>\n\t\t<\/p>\n\t<\/div>\n\t<div class=\"col-xs-12  col-md-4\">\n\t\t<p><span class=\"wpcf7-form-control-wrap\" data-name=\"your-phone\"><input size=\"40\" class=\"wpcf7-form-control wpcf7-text wpcf7-tel wpcf7-validates-as-required wpcf7-validates-as-tel\" aria-required=\"true\" aria-invalid=\"false\" placeholder=\"T\u00e9l\u00e9phone\" value=\"\" type=\"tel\" name=\"your-phone\" \/><\/span>\n\t\t<\/p>\n\t<\/div>\n<\/div>\n<div class=\"row\">\n\t<div class=\"col-xs-12  col-md-8\">\n\t\t<p><span class=\"wpcf7-form-control-wrap\" data-name=\"your-subject\"><input size=\"40\" class=\"wpcf7-form-control wpcf7-text\" aria-invalid=\"false\" placeholder=\"Sujet\" value=\"\" type=\"text\" name=\"your-subject\" \/><\/span>\n\t\t<\/p>\n\t<\/div>\n\t<div class=\"col-xs-12\">\n\t\t<p><span class=\"wpcf7-form-control-wrap\" data-name=\"your-message\"><textarea cols=\"40\" rows=\"10\" class=\"wpcf7-form-control wpcf7-textarea\" aria-invalid=\"false\" placeholder=\"Message\" name=\"your-message\"><\/textarea><\/span><br \/>\n\t\t<span class=\"wpcf7-form-control-wrap recaptcha\" data-name=\"recaptcha\"><span data-sitekey=\"6LeEjhIeAAAAAG0okutI8RiW3AKwGjxAkFffzCPV\" class=\"wpcf7-form-control g-recaptcha wpcf7-recaptcha\"><\/span>\r\n<noscript>\r\n\t<div class=\"grecaptcha-noscript\">\r\n\t\t<iframe loading=\"lazy\" src=\"https:\/\/www.recaptcha.net\/recaptcha\/api\/fallback?k=6LeEjhIeAAAAAG0okutI8RiW3AKwGjxAkFffzCPV\" frameborder=\"0\" scrolling=\"no\" width=\"310\" height=\"430\">\r\n\t\t<\/iframe>\r\n\t\t<textarea name=\"g-recaptcha-response\" rows=\"3\" cols=\"40\" placeholder=\"reCaptcha Response Here\">\r\n\t\t<\/textarea>\r\n\t<\/div>\r\n<\/noscript>\r\n<\/span><br \/>\n<input class=\"wpcf7-form-control has-spinner wpcf7-submit btn btn-primary\" type=\"submit\" value=\"ENVOYER\" \/>\n\t\t<\/p>\n\t<\/div>\n<\/div><div class=\"wpcf7-response-output\" aria-hidden=\"true\"><\/div>\n<\/form>\n<\/div>\n<\/div><\/div><\/div><\/div><\/div>","protected":false},"excerpt":{"rendered":"<p>Bienvenue sur Serviceau.com, Nous offrons un service 24\/7 (appel ou sur place) pour les situations d&rsquo;urgences seulement. Nos heures d&rsquo;ouvertures sont de 8h \u00e0 17h du lundi au vendredi (\u00e0 l&rsquo;exception des jours f\u00e9ri\u00e9s). Les appels r\u00e9pondus hors de ces heures ouvrables seront factur\u00e9s \u00e0 notre taux horaire de fin de semaine. Merci de votre &hellip;<\/p>\n","protected":false},"author":1,"featured_media":0,"parent":0,"menu_order":0,"comment_status":"closed","ping_status":"closed","template":"","meta":{"_acf_changed":false,"_monsterinsights_skip_tracking":false,"_monsterinsights_sitenote_active":false,"_monsterinsights_sitenote_note":"","_monsterinsights_sitenote_category":0,"footnotes":""},"class_list":["post-120","page","type-page","status-publish","hentry"],"acf":[],"yoast_head":"<!-- This site is optimized with the Yoast SEO plugin v24.9 - https:\/\/yoast.com\/wordpress\/plugins\/seo\/ -->\n<title>Contactez-nous | Serviceau<\/title>\n<meta name=\"description\" content=\"Bienvenue sur Serviceau.com, Nous offrons un service 24\/7 (appel ou sur place) pour les situations d&rsquo;urgences seulement. Nos heures\" \/>\n<meta name=\"robots\" content=\"index, follow, max-snippet:-1, max-image-preview:large, max-video-preview:-1\" \/>\n<link rel=\"canonical\" href=\"https:\/\/serviceau.com\/index.php\/contact-us\/\" \/>\n<meta property=\"og:locale\" content=\"fr_CA\" \/>\n<meta property=\"og:type\" content=\"article\" \/>\n<meta property=\"og:title\" content=\"Contactez-nous | Serviceau\" \/>\n<meta property=\"og:description\" content=\"Bienvenue sur Serviceau.com, Nous offrons un service 24\/7 (appel ou sur place) pour les situations d&rsquo;urgences seulement. Nos heures\" \/>\n<meta property=\"og:url\" content=\"https:\/\/serviceau.com\/index.php\/contact-us\/\" \/>\n<meta property=\"og:site_name\" content=\"Serviceau\" \/>\n<meta property=\"article:publisher\" content=\"https:\/\/www.facebook.com\/ServiceauFB\" \/>\n<meta property=\"article:modified_time\" content=\"2025-01-10T16:24:14+00:00\" \/>\n<meta name=\"twitter:card\" content=\"summary_large_image\" \/>\n<meta name=\"twitter:label1\" content=\"Estimation du temps de lecture\" \/>\n\t<meta name=\"twitter:data1\" content=\"1 minute\" \/>\n<script type=\"application\/ld+json\" class=\"yoast-schema-graph\">{\"@context\":\"https:\/\/schema.org\",\"@graph\":[{\"@type\":\"WebPage\",\"@id\":\"https:\/\/serviceau.com\/index.php\/contact-us\/\",\"url\":\"https:\/\/serviceau.com\/index.php\/contact-us\/\",\"name\":\"Contactez-nous | Serviceau\",\"isPartOf\":{\"@id\":\"https:\/\/serviceau.com\/#website\"},\"datePublished\":\"2015-05-04T11:30:41+00:00\",\"dateModified\":\"2025-01-10T16:24:14+00:00\",\"description\":\"Bienvenue sur Serviceau.com, Nous offrons un service 24\/7 (appel ou sur place) pour les situations d&rsquo;urgences seulement. Nos heures\",\"breadcrumb\":{\"@id\":\"https:\/\/serviceau.com\/index.php\/contact-us\/#breadcrumb\"},\"inLanguage\":\"fr-CA\",\"potentialAction\":[{\"@type\":\"ReadAction\",\"target\":[\"https:\/\/serviceau.com\/index.php\/contact-us\/\"]}]},{\"@type\":\"BreadcrumbList\",\"@id\":\"https:\/\/serviceau.com\/index.php\/contact-us\/#breadcrumb\",\"itemListElement\":[{\"@type\":\"ListItem\",\"position\":1,\"name\":\"Accueil\",\"item\":\"https:\/\/serviceau.com\/\"},{\"@type\":\"ListItem\",\"position\":2,\"name\":\"Contactez-nous\"}]},{\"@type\":\"WebSite\",\"@id\":\"https:\/\/serviceau.com\/#website\",\"url\":\"https:\/\/serviceau.com\/\",\"name\":\"Serviceau\",\"description\":\"La r\u00e9f\u00e9rence pour le traitement des syst\u00e8mes d&#039;eau\",\"publisher\":{\"@id\":\"https:\/\/serviceau.com\/#organization\"},\"potentialAction\":[{\"@type\":\"SearchAction\",\"target\":{\"@type\":\"EntryPoint\",\"urlTemplate\":\"https:\/\/serviceau.com\/?s={search_term_string}\"},\"query-input\":{\"@type\":\"PropertyValueSpecification\",\"valueRequired\":true,\"valueName\":\"search_term_string\"}}],\"inLanguage\":\"fr-CA\"},{\"@type\":\"Organization\",\"@id\":\"https:\/\/serviceau.com\/#organization\",\"name\":\"Serviceau\",\"url\":\"https:\/\/serviceau.com\/\",\"logo\":{\"@type\":\"ImageObject\",\"inLanguage\":\"fr-CA\",\"@id\":\"https:\/\/serviceau.com\/#\/schema\/logo\/image\/\",\"url\":\"http:\/\/serviceau.com\/wp-content\/uploads\/2021\/12\/Serviceau-Clear-no-Writting.png\",\"contentUrl\":\"http:\/\/serviceau.com\/wp-content\/uploads\/2021\/12\/Serviceau-Clear-no-Writting.png\",\"width\":504,\"height\":223,\"caption\":\"Serviceau\"},\"image\":{\"@id\":\"https:\/\/serviceau.com\/#\/schema\/logo\/image\/\"},\"sameAs\":[\"https:\/\/www.facebook.com\/ServiceauFB\",\"https:\/\/www.instagram.com\/serviceau_\/\"]}]}<\/script>\n<!-- \/ Yoast SEO plugin. -->","yoast_head_json":{"title":"Contactez-nous | Serviceau","description":"Bienvenue sur Serviceau.com, Nous offrons un service 24\/7 (appel ou sur place) pour les situations d&rsquo;urgences seulement. Nos heures","robots":{"index":"index","follow":"follow","max-snippet":"max-snippet:-1","max-image-preview":"max-image-preview:large","max-video-preview":"max-video-preview:-1"},"canonical":"https:\/\/serviceau.com\/index.php\/contact-us\/","og_locale":"fr_CA","og_type":"article","og_title":"Contactez-nous | Serviceau","og_description":"Bienvenue sur Serviceau.com, Nous offrons un service 24\/7 (appel ou sur place) pour les situations d&rsquo;urgences seulement. Nos heures","og_url":"https:\/\/serviceau.com\/index.php\/contact-us\/","og_site_name":"Serviceau","article_publisher":"https:\/\/www.facebook.com\/ServiceauFB","article_modified_time":"2025-01-10T16:24:14+00:00","twitter_card":"summary_large_image","twitter_misc":{"Estimation du temps de lecture":"1 minute"},"schema":{"@context":"https:\/\/schema.org","@graph":[{"@type":"WebPage","@id":"https:\/\/serviceau.com\/index.php\/contact-us\/","url":"https:\/\/serviceau.com\/index.php\/contact-us\/","name":"Contactez-nous | Serviceau","isPartOf":{"@id":"https:\/\/serviceau.com\/#website"},"datePublished":"2015-05-04T11:30:41+00:00","dateModified":"2025-01-10T16:24:14+00:00","description":"Bienvenue sur Serviceau.com, Nous offrons un service 24\/7 (appel ou sur place) pour les situations d&rsquo;urgences seulement. Nos heures","breadcrumb":{"@id":"https:\/\/serviceau.com\/index.php\/contact-us\/#breadcrumb"},"inLanguage":"fr-CA","potentialAction":[{"@type":"ReadAction","target":["https:\/\/serviceau.com\/index.php\/contact-us\/"]}]},{"@type":"BreadcrumbList","@id":"https:\/\/serviceau.com\/index.php\/contact-us\/#breadcrumb","itemListElement":[{"@type":"ListItem","position":1,"name":"Accueil","item":"https:\/\/serviceau.com\/"},{"@type":"ListItem","position":2,"name":"Contactez-nous"}]},{"@type":"WebSite","@id":"https:\/\/serviceau.com\/#website","url":"https:\/\/serviceau.com\/","name":"Serviceau","description":"La r\u00e9f\u00e9rence pour le traitement des syst\u00e8mes d&#039;eau","publisher":{"@id":"https:\/\/serviceau.com\/#organization"},"potentialAction":[{"@type":"SearchAction","target":{"@type":"EntryPoint","urlTemplate":"https:\/\/serviceau.com\/?s={search_term_string}"},"query-input":{"@type":"PropertyValueSpecification","valueRequired":true,"valueName":"search_term_string"}}],"inLanguage":"fr-CA"},{"@type":"Organization","@id":"https:\/\/serviceau.com\/#organization","name":"Serviceau","url":"https:\/\/serviceau.com\/","logo":{"@type":"ImageObject","inLanguage":"fr-CA","@id":"https:\/\/serviceau.com\/#\/schema\/logo\/image\/","url":"http:\/\/serviceau.com\/wp-content\/uploads\/2021\/12\/Serviceau-Clear-no-Writting.png","contentUrl":"http:\/\/serviceau.com\/wp-content\/uploads\/2021\/12\/Serviceau-Clear-no-Writting.png","width":504,"height":223,"caption":"Serviceau"},"image":{"@id":"https:\/\/serviceau.com\/#\/schema\/logo\/image\/"},"sameAs":["https:\/\/www.facebook.com\/ServiceauFB","https:\/\/www.instagram.com\/serviceau_\/"]}]}},"_links":{"self":[{"href":"https:\/\/serviceau.com\/index.php\/wp-json\/wp\/v2\/pages\/120","targetHints":{"allow":["GET"]}}],"collection":[{"href":"https:\/\/serviceau.com\/index.php\/wp-json\/wp\/v2\/pages"}],"about":[{"href":"https:\/\/serviceau.com\/index.php\/wp-json\/wp\/v2\/types\/page"}],"author":[{"embeddable":true,"href":"https:\/\/serviceau.com\/index.php\/wp-json\/wp\/v2\/users\/1"}],"replies":[{"embeddable":true,"href":"https:\/\/serviceau.com\/index.php\/wp-json\/wp\/v2\/comments?post=120"}],"version-history":[{"count":187,"href":"https:\/\/serviceau.com\/index.php\/wp-json\/wp\/v2\/pages\/120\/revisions"}],"predecessor-version":[{"id":1956,"href":"https:\/\/serviceau.com\/index.php\/wp-json\/wp\/v2\/pages\/120\/revisions\/1956"}],"wp:attachment":[{"href":"https:\/\/serviceau.com\/index.php\/wp-json\/wp\/v2\/media?parent=120"}],"curies":[{"name":"wp","href":"https:\/\/api.w.org\/{rel}","templated":true}]}}